{"id":3,"date":"2026-03-31T08:24:00","date_gmt":"2026-03-31T08:24:00","guid":{"rendered":"https:\/\/halvorsen.no\/?page_id=3"},"modified":"2026-04-22T11:52:20","modified_gmt":"2026-04-22T09:52:20","slug":"privacy","status":"publish","type":"page","link":"https:\/\/halvorsen.no\/en\/personvern\/","title":{"rendered":"Privacy Policy"},"content":{"rendered":"<div data-elementor-type=\"wp-page\" data-elementor-id=\"3\" class=\"elementor elementor-3\" data-elementor-post-type=\"page\">\n\t\t\t\t<div class=\"elementor-element elementor-element-3d9d20f section-m section-narrow e-flex e-con-boxed e-con e-parent\" data-id=\"3d9d20f\" data-element_type=\"container\" data-e-type=\"container\" data-settings=\"{&quot;background_background&quot;:&quot;classic&quot;}\">\n\t\t\t\t\t<div class=\"e-con-inner\">\n\t\t\t\t\t\t\t<h2 \n\t\tdata-interaction-id=\"c51d6b2\" \n\t\tclass=\"H2 e-heading-base\" \n\t\t \n\t\tdata-e-type=\"widget\" data-id=\"c51d6b2\"\n\t>\n\t\n\t\t\tPrivacy Policy for Tratec Halvorsen AS\n\t\t<\/h2>\n\t\t\t\t\t\t\t\t<p class=\"txt-body e-a7189b9-7fc7d2c e-paragraph-base\" data-interaction-id=\"a7189b9\"  data-e-type=\"widget\" data-id=\"a7189b9\">\n\t\t\t\t\t\t\t\tLast updated: 21 April 2026\n\t\t\t\t\t<\/p>\n\t\t\t\t\t<\/div>\n\t\t\t\t<\/div>\n\t\t<div class=\"elementor-element elementor-element-97db9ad section-m section-narrow e-flex e-con-boxed e-con e-parent\" data-id=\"97db9ad\" data-element_type=\"container\" data-e-type=\"container\" data-settings=\"{&quot;background_background&quot;:&quot;classic&quot;}\">\n\t\t\t\t\t<div class=\"e-con-inner\">\n\t\t<div class=\"elementor-element elementor-element-62171d8 e-con-full e-flex e-con e-child\" data-id=\"62171d8\" data-element_type=\"container\" data-e-type=\"container\" data-settings=\"{&quot;background_background&quot;:&quot;classic&quot;}\">\n\t\t\t\t<div class=\"elementor-element elementor-element-4d8324b2 elementor-widget elementor-widget-text-editor\" data-id=\"4d8324b2\" data-element_type=\"widget\" data-e-type=\"widget\" data-widget_type=\"text-editor.default\">\n\t\t\t\t\t\t\t\t\t<p>This statement describes how we collect and use personal data on our websites, <strong>halvorsen.no<\/strong>.<\/p><h3>1. Responsible for treatment<\/h3><p>Tratec Halvorsen AS is the data controller for the company's processing of personal data on this website.<\/p><h3>2. Information that is processed<\/h3><p>We only process personal data that you voluntarily provide to us. This typically happens via:<\/p><ul><li><strong>Contact Form<\/strong> When you send us an enquiry, we process your name, email address, phone number, and the content of your message in order to respond to your request.<\/li><\/ul><h3>3. The purpose of the treatment<\/h3><p>We use your information for the following purposes:<\/p><ol><li>To respond to inquiries and provide customer service.<\/li><li>Maintaining a professional dialogue with potential and existing clients or partners.<\/li><\/ol><h3>4. Data Processors and Storage<\/h3><p>We use subcontractors (data processors) to run the website and email communications. Your data is only shared with these parties in order to deliver the service:<\/p><ul><li><strong><a href=\"https:\/\/fjordweb.no\" target=\"_blank\" rel=\"noopener\">Fjordweb.no<\/a>:<\/strong> Our supplier of website hosting and storage.<\/li><li><strong><a href=\"https:\/\/emailit.com\" target=\"_blank\" rel=\"noopener\">Emailit.com<\/a>:<\/strong> Our supplier of SMTP services for secure email sending from the website.<\/li><\/ul><p>We never sell your personal data to third parties.<\/p><h3>5. Cookies<\/h3><p>Tratec Halvorsen AS does not currently use cookies to track users or collect personal data on halvorsen.no. If this changes, the declaration will be updated.<\/p><h3>6. Inspection, rectification and erasure<\/h3><p>You have the right at any time to access the information we have stored about you. You can also request that we correct inaccurate information or delete your data from our systems, provided we are not legally obliged to keep it (e.g. according to the Accounting Act).<\/p><p>For questions about data protection or requests for access, please contact us at:<br \/><strong>Email: post@halvorsen.no<\/strong><\/p><h3>7. Safety<\/h3><p>We protect your personal data through both physical and virtual access control, as well as by using encrypted lines (SSL) on our websites to protect data from unauthorised access.<\/p>\t\t\t\t\t\t\t\t<\/div>\n\t\t\t\t<\/div>\n\t\t\t\t\t<\/div>\n\t\t\t\t<\/div>\n\t\t\t\t<\/div>","protected":false},"excerpt":{"rendered":"<p>Personvernerkl\u00e6ring for Tratec Halvorsen AS Sist oppdatert: 21. april 2026 Denne erkl\u00e6ringen beskriver hvordan vi samler inn og bruker personopplysninger p\u00e5 v\u00e5re nettsider, halvorsen.no. 1. Behandlingsansvarlig Tratec Halvorsen AS er behandlingsansvarlig for virksomhetens behandling av personopplysninger p\u00e5 denne nettsiden. 2. Opplysninger som behandles Vi behandler kun personopplysninger som du frivillig oppgir til oss. Dette skjer [&hellip;]<\/p>\n","protected":false},"author":1,"featured_media":0,"parent":0,"menu_order":0,"comment_status":"closed","ping_status":"open","template":"","meta":{"slim_seo":{"title":"Privacy Policy - Halvorsen","description":"Privacy Policy for Tratec Halvorsen AS Last updated: 21 April 2026 This statement describes how we collect and use personal data on our"},"iawp_total_views":2,"footnotes":""},"marked":[],"class_list":["post-3","page","type-page","status-publish","hentry"],"_links":{"self":[{"href":"https:\/\/halvorsen.no\/en\/wp-json\/wp\/v2\/pages\/3","targetHints":{"allow":["GET"]}}],"collection":[{"href":"https:\/\/halvorsen.no\/en\/wp-json\/wp\/v2\/pages"}],"about":[{"href":"https:\/\/halvorsen.no\/en\/wp-json\/wp\/v2\/types\/page"}],"author":[{"embeddable":true,"href":"https:\/\/halvorsen.no\/en\/wp-json\/wp\/v2\/users\/1"}],"replies":[{"embeddable":true,"href":"https:\/\/halvorsen.no\/en\/wp-json\/wp\/v2\/comments?post=3"}],"version-history":[{"count":11,"href":"https:\/\/halvorsen.no\/en\/wp-json\/wp\/v2\/pages\/3\/revisions"}],"predecessor-version":[{"id":1025,"href":"https:\/\/halvorsen.no\/en\/wp-json\/wp\/v2\/pages\/3\/revisions\/1025"}],"wp:attachment":[{"href":"https:\/\/halvorsen.no\/en\/wp-json\/wp\/v2\/media?parent=3"}],"wp:term":[{"taxonomy":"marked","embeddable":true,"href":"https:\/\/halvorsen.no\/en\/wp-json\/wp\/v2\/marked?post=3"}],"curies":[{"name":"wp","href":"https:\/\/api.w.org\/{rel}","templated":true}]}}