{"id":706,"date":"2026-04-15T11:24:24","date_gmt":"2026-04-15T09:24:24","guid":{"rendered":"https:\/\/halvorsen.no\/?page_id=706"},"modified":"2026-04-15T11:28:33","modified_gmt":"2026-04-15T09:28:33","slug":"hms-k-politics","status":"publish","type":"page","link":"https:\/\/halvorsen.no\/en\/hms-k-politikk\/","title":{"rendered":"HMS-K Policy"},"content":{"rendered":"<div data-elementor-type=\"wp-page\" data-elementor-id=\"706\" class=\"elementor elementor-706\" data-elementor-post-type=\"page\">\n\t\t\t\t<div class=\"elementor-element elementor-element-e75d8ae section-l section-narrow e-flex e-con-boxed e-con e-parent\" data-id=\"e75d8ae\" data-element_type=\"container\" data-e-type=\"container\" data-settings=\"{&quot;background_background&quot;:&quot;classic&quot;}\">\n\t\t\t\t\t<div class=\"e-con-inner\">\n\t\t\t\t\t\t\t<h1 \n\t\tdata-interaction-id=\"250175d\" \n\t\tclass=\"H1 e-heading-base\" \n\t\t \n\t\tdata-e-type=\"widget\" data-id=\"250175d\"\n\t>\n\t\n\t\t\tHSE-Q Policy 2026\n\t\t<\/h1>\n\t\t\t\t\t\t\t\t<p class=\"Sub-heading e-paragraph-base\" data-interaction-id=\"c696ab9\"  data-e-type=\"widget\" data-id=\"c696ab9\">\n\t\t\t\t\t\t\t\tFor Halvorsen\n\t\t\t\t\t<\/p>\n\t\t\t\t\t<\/div>\n\t\t\t\t<\/div>\n\t\t<div class=\"elementor-element elementor-element-594b923 section-l section-narrow e-flex e-con-boxed e-con e-parent\" data-id=\"594b923\" data-element_type=\"container\" data-e-type=\"container\">\n\t\t\t\t\t<div class=\"e-con-inner\">\n\t\t\t\t<div class=\"elementor-element elementor-element-47890bb elementor-widget elementor-widget-text-editor\" data-id=\"47890bb\" data-element_type=\"widget\" data-e-type=\"widget\" data-widget_type=\"text-editor.default\">\n\t\t\t\t\t\t\t\t\t<div class=\"tratec-redegjorelse\">\n<div class=\"tratec-quote-box\">Caring for the health and safety of all our employees, contractors and visitors, protecting the environment, and delivering high quality in everything we do are core values at Tratec Halvorsen AS.<\/div>\nThe HSE-Q management system is established in cooperation with the employees to ensure knowledge, ownership, and responsibility.\n<h3>Health<\/h3>\n<ul>\n \t<li>We will monitor our employees' health and focus on well-being across the board.<\/li>\n \t<li>Work according to adopted guidelines regarding human rights requirements and ethical policies.<\/li>\n<\/ul>\n<h3>Safety<\/h3>\nTratec Halvorsen AS shall work systematically and risk-based to achieve our overall goal of zero harm to our employees, contractors, or visitors.\n<h3>Environment<\/h3>\n<ul>\n \t<li>We must protect the environment and aim for zero emissions of gases and chemicals into the environment.<\/li>\n \t<li>Waste sorting is carried out at all stages, and sorted waste is delivered to approved disposal facilities.<\/li>\n<\/ul>\n<h3>Quality Management<\/h3>\nWe need to satisfy our customers' needs and expectations and make agreements where we understand the scope.\n<h3>Continuous improvement<\/h3>\nWe shall verify that our processes satisfy agreed requirements, monitor and continuously improve the results of processes and the organisation's performance.\n<div class=\"tratec-signature\">\n\n<span class=\"tratec-highlight\">Frode Olsen<\/span>\nTratec CEO Halvorsen AS\nMars 2026\n\n<\/div>\n<\/div>\t\t\t\t\t\t\t\t<\/div>\n\t\t\t\t\t<\/div>\n\t\t\t\t<\/div>\n\t\t\t\t<\/div>","protected":false},"excerpt":{"rendered":"<p>HMS-K Politikk 2026 For Halvorsen Ivareta helse og sikkerhet til alle v\u00e5re ansatte, innleide og bes\u00f8kende, beskytte milj\u00f8et, samt levere god kvalitet i alt vi gj\u00f8r, er kjerneverdier hos Tratec Halvorsen AS. HMS-K styringssystemet er etablert i samarbeid med de ansatte for \u00e5 sikre kunnskap, eierskap og ansvar. Helse Vi skal overv\u00e5ke v\u00e5re ansattes helse [&hellip;]<\/p>\n","protected":false},"author":1,"featured_media":0,"parent":0,"menu_order":0,"comment_status":"closed","ping_status":"closed","template":"","meta":{"slim_seo":{"title":"HMS-K Politikk - Halvorsen","description":"HMS-K Policy 2026 To Halvorsen Safeguard the health and safety of all our employees, contractors, and visitors, protect the environment, and deliver good quality in everything we do"},"iawp_total_views":1,"footnotes":""},"marked":[],"class_list":["post-706","page","type-page","status-publish","hentry"],"_links":{"self":[{"href":"https:\/\/halvorsen.no\/en\/wp-json\/wp\/v2\/pages\/706","targetHints":{"allow":["GET"]}}],"collection":[{"href":"https:\/\/halvorsen.no\/en\/wp-json\/wp\/v2\/pages"}],"about":[{"href":"https:\/\/halvorsen.no\/en\/wp-json\/wp\/v2\/types\/page"}],"author":[{"embeddable":true,"href":"https:\/\/halvorsen.no\/en\/wp-json\/wp\/v2\/users\/1"}],"replies":[{"embeddable":true,"href":"https:\/\/halvorsen.no\/en\/wp-json\/wp\/v2\/comments?post=706"}],"version-history":[{"count":4,"href":"https:\/\/halvorsen.no\/en\/wp-json\/wp\/v2\/pages\/706\/revisions"}],"predecessor-version":[{"id":711,"href":"https:\/\/halvorsen.no\/en\/wp-json\/wp\/v2\/pages\/706\/revisions\/711"}],"wp:attachment":[{"href":"https:\/\/halvorsen.no\/en\/wp-json\/wp\/v2\/media?parent=706"}],"wp:term":[{"taxonomy":"marked","embeddable":true,"href":"https:\/\/halvorsen.no\/en\/wp-json\/wp\/v2\/marked?post=706"}],"curies":[{"name":"wp","href":"https:\/\/api.w.org\/{rel}","templated":true}]}}